{"id":2594,"date":"2023-04-04T15:43:30","date_gmt":"2023-04-04T15:43:30","guid":{"rendered":"https:\/\/dana.dexterra.com\/card\/"},"modified":"2023-04-04T17:20:22","modified_gmt":"2023-04-04T17:20:22","slug":"carte","status":"publish","type":"page","link":"https:\/\/dana.dexterra.com\/fr\/carte\/","title":{"rendered":"Carte"},"content":{"rendered":"\t\t<div data-elementor-type=\"wp-page\" data-elementor-id=\"2594\" class=\"elementor elementor-2594 elementor-2592\" data-elementor-post-type=\"page\">\n\t\t\t\t\t\t<section class=\"elementor-section elementor-top-section elementor-element elementor-element-006919b elementor-section-full_width elementor-section-height-default elementor-section-height-default\" data-id=\"006919b\" data-element_type=\"section\" data-e-type=\"section\">\n\t\t\t\t\t\t<div class=\"elementor-container elementor-column-gap-default\">\n\t\t\t\t\t<div class=\"elementor-column elementor-col-100 elementor-top-column elementor-element elementor-element-325ee27\" data-id=\"325ee27\" data-element_type=\"column\" data-e-type=\"column\">\n\t\t\t<div class=\"elementor-widget-wrap elementor-element-populated\">\n\t\t\t\t\t\t<div class=\"elementor-element elementor-element-2ba767b elementor-widget elementor-widget-jk-hero\" data-id=\"2ba767b\" data-element_type=\"widget\" data-e-type=\"widget\" data-widget_type=\"jk-hero.default\">\n\t\t\t\t<div class=\"elementor-widget-container\">\n\t\t\t\t\t<header class=\"small\"><div class=\"jkea_header\" style=\"background-image: url(https:\/\/dana.dexterra.com\/wp-content\/uploads\/2023\/02\/bowl.png)\" ><div class=\"overlay\"><\/div><div class=\"jkea_header__container\"><div class=\"jkea_header__contentwrap\"><div class=\"jkea_header__content\"><div class=\"jkea_title\"><h1>Rechargez votre carte Dana<\/h1><\/div><\/div><\/div><div class=\"jkea_header__graphic\"><div class=\"starfield\"><\/div><div class=\"featuredimage\"><div class=\"imgcontainer\"><img fetchpriority=\"high\" decoding=\"async\" src=\"<img fetchpriority=\"high\" decoding=\"async\" width=\"1024\" height=\"591\" src=\"https:\/\/dana.dexterra.com\/wp-content\/uploads\/2023\/02\/bowl-1024x591.png\" class=\"attachment-large size-large\" alt=\"A poke bowl\" srcset=\"https:\/\/dana.dexterra.com\/wp-content\/uploads\/2023\/02\/bowl-1024x591.png 1024w, https:\/\/dana.dexterra.com\/wp-content\/uploads\/2023\/02\/bowl-300x173.png 300w, https:\/\/dana.dexterra.com\/wp-content\/uploads\/2023\/02\/bowl-768x443.png 768w, https:\/\/dana.dexterra.com\/wp-content\/uploads\/2023\/02\/bowl-1536x887.png 1536w, https:\/\/dana.dexterra.com\/wp-content\/uploads\/2023\/02\/bowl-2048x1183.png 2048w\" sizes=\"(max-width: 1024px) 100vw, 1024px\" \/>\" alt=\"A poke bowl\"><\/div><\/div><\/div><div class=\"jkea_header__chevrons\"><div class=\"lightchevron\"><\/div>\n\t\t\t\t\t<div class=\"darkchevron\"><\/div>\n\t\t\t\t<\/div><\/div><\/div><\/header>\t\t\t\t<\/div>\n\t\t\t\t<\/div>\n\t\t\t\t\t<\/div>\n\t\t<\/div>\n\t\t\t\t\t<\/div>\n\t\t<\/section>\n\t\t\t\t<section class=\"elementor-section elementor-top-section elementor-element elementor-element-10b1d8e elementor-section-boxed elementor-section-height-default elementor-section-height-default\" data-id=\"10b1d8e\" data-element_type=\"section\" data-e-type=\"section\">\n\t\t\t\t\t\t<div class=\"elementor-container elementor-column-gap-default\">\n\t\t\t\t\t<div class=\"elementor-column elementor-col-100 elementor-top-column elementor-element elementor-element-6d46660\" data-id=\"6d46660\" data-element_type=\"column\" data-e-type=\"column\">\n\t\t\t<div class=\"elementor-widget-wrap elementor-element-populated\">\n\t\t\t\t\t\t<div class=\"elementor-element elementor-element-f73be33 elementor-widget elementor-widget-jk-sectionintro\" data-id=\"f73be33\" data-element_type=\"widget\" data-e-type=\"widget\" data-widget_type=\"jk-sectionintro.default\">\n\t\t\t\t<div class=\"elementor-widget-container\">\n\t\t\t\t\t<div class=\"jkea_sectionintro_wrapper\"><div class=\"jkea_sectionintro container\">\n                <div class=\"jkea_sectionintro_content left\"><div class=\"jkea_text\">\n                \t\t<ul><li class=\"m_8753880569836748741MsoListParagraph\"><span lang=\"FR\">Chargez n'importe quel montant de dollars en ligne \u00e0 tout moment.<u><\/u><u><\/u><\/span><\/li><li class=\"m_8753880569836748741MsoListParagraph\"><span lang=\"FR\">Le moyen le plus rapide de passer \u00e0 la caisse.<u><\/u><u><\/u><\/span><\/li><li class=\"m_8753880569836748741MsoListParagraph\"><span lang=\"FR\">Prenez votre carte de repas gratuite au caf\u00e9 aujourd'hui.<u><\/u><u><\/u><\/span><\/li><li class=\"m_8753880569836748741MsoListParagraph\"><span lang=\"FR\">Consultez votre historique de transactions les plus r\u00e9centes.<u><\/u><u><\/u><\/span><\/li><li class=\"m_8753880569836748741MsoListParagraph\"><span lang=\"FR\">Prot\u00e9gez votre solde si votre carte est perdue ou vol\u00e9e.<\/span><\/li><\/ul><p style=\"font-weight: 400;\"><a href=\"https:\/\/card.danahospitality.ca\/card\/card.asp?lang=fr\" target=\"_blank\" rel=\"noopener\">Cliquez ici pour acc\u00e9der \u00e0 votre carte Dana rechargeable.<\/a><\/p>\n                \t<\/div> <\/div>\n            <\/div>\t\t\t\t<\/div>\n\t\t\t\t<\/div>\n\t\t\t\t\t<\/div>\n\t\t<\/div>\n\t\t\t\t\t<\/div>\n\t\t<\/section>\n\t\t\t\t<section class=\"elementor-section elementor-top-section elementor-element elementor-element-70a4c77 elementor-section-full_width elementor-section-height-default elementor-section-height-default\" data-id=\"70a4c77\" data-element_type=\"section\" data-e-type=\"section\">\n\t\t\t\t\t\t<div class=\"elementor-container elementor-column-gap-default\">\n\t\t\t\t\t<div class=\"elementor-column elementor-col-100 elementor-top-column elementor-element elementor-element-fe96432\" data-id=\"fe96432\" data-element_type=\"column\" data-e-type=\"column\">\n\t\t\t<div class=\"elementor-widget-wrap elementor-element-populated\">\n\t\t\t\t\t\t<div class=\"elementor-element elementor-element-d8e4692 elementor-widget elementor-widget-jk-cta\" data-id=\"d8e4692\" data-element_type=\"widget\" data-e-type=\"widget\" data-widget_type=\"jk-cta.default\">\n\t\t\t\t<div class=\"elementor-widget-container\">\n\t\t\t\t\t<div class=\"jkea_cta_wrapper\"><div class=\"jkea_cta\">\n\t\t<div class=\"jkea_cta_content\">\n\t\t\t<div class=\"jkea_title\">\n\t\t\t\t<h2>Communiquez avec nous<\/h2>\n\t\t\t<\/div>\n\t\t\t<div class=\"jkea_text\">\n\t\t\t\t<div class=\"jkea_text\"><p>Vous voulez en savoir plus sur la fa\u00e7on dont Dana peut faire une diff\u00e9rence avec ses offres de services alimentaires? Communiquez avec notre \u00e9quipe d\u00e8s aujourd\u2019hui!<\/p><\/div>\n\t\t\t<\/div><div class=\"link\">\n\t\t\t\t<a href=\"\/fr\/contactez-nous\/\" class=\"\">Contactez-nous<\/a>\n\t\t\t<\/div><\/div><\/div><div class=\"graphics\"><div class=\"image\" style=\"background-image:url(https:\/\/dana.dexterra.com\/wp-content\/uploads\/2023\/03\/shutterstock_253456999.png)\"><\/div><div class=\"bars\"><div class=\"dots\"><\/div><div class=\"bluebar\"><\/div><div class=\"transparentbar\"><\/div><\/div><\/div>\t\t\t\t<\/div>\n\t\t\t\t<\/div>\n\t\t\t\t\t<\/div>\n\t\t<\/div>\n\t\t\t\t\t<\/div>\n\t\t<\/section>\n\t\t\t\t<\/div>\n\t\t","protected":false},"excerpt":{"rendered":"<p>Rechargez votre carte Dana<\/p>\n","protected":false},"author":6,"featured_media":0,"parent":0,"menu_order":0,"comment_status":"closed","ping_status":"closed","template":"","meta":{"_acf_changed":false,"footnotes":""},"class_list":["post-2594","page","type-page","status-publish","hentry"],"acf":[],"yoast_head":"<!-- This site is optimized with the Yoast SEO plugin v27.3 - https:\/\/yoast.com\/product\/yoast-seo-wordpress\/ -->\n<title>Carte | Dana Hospitalit\u00e9<\/title>\n<meta name=\"robots\" content=\"index, follow, max-snippet:-1, max-image-preview:large, max-video-preview:-1\" \/>\n<link rel=\"canonical\" href=\"https:\/\/dana.dexterra.com\/fr\/carte\/\" \/>\n<meta property=\"og:locale\" content=\"fr_CA\" \/>\n<meta property=\"og:type\" content=\"article\" \/>\n<meta property=\"og:title\" content=\"Carte | Dana Hospitalit\u00e9\" \/>\n<meta property=\"og:description\" content=\"Rechargez votre carte Dana\" \/>\n<meta property=\"og:url\" content=\"https:\/\/dana.dexterra.com\/fr\/carte\/\" \/>\n<meta property=\"og:site_name\" content=\"Dana Hospitalit\u00e9\" \/>\n<meta property=\"article:modified_time\" content=\"2023-04-04T17:20:22+00:00\" \/>\n<meta name=\"twitter:card\" content=\"summary_large_image\" \/>\n<meta name=\"twitter:label1\" content=\"Estimation du temps de lecture\" \/>\n\t<meta name=\"twitter:data1\" content=\"1 minute\" \/>\n<script type=\"application\/ld+json\" class=\"yoast-schema-graph\">{\"@context\":\"https:\\\/\\\/schema.org\",\"@graph\":[{\"@type\":\"WebPage\",\"@id\":\"https:\\\/\\\/dana.dexterra.com\\\/fr\\\/carte\\\/\",\"url\":\"https:\\\/\\\/dana.dexterra.com\\\/fr\\\/carte\\\/\",\"name\":\"Carte | Dana Hospitalit\u00e9\",\"isPartOf\":{\"@id\":\"https:\\\/\\\/dana.dexterra.com\\\/fr\\\/#website\"},\"datePublished\":\"2023-04-04T15:43:30+00:00\",\"dateModified\":\"2023-04-04T17:20:22+00:00\",\"breadcrumb\":{\"@id\":\"https:\\\/\\\/dana.dexterra.com\\\/fr\\\/carte\\\/#breadcrumb\"},\"inLanguage\":\"fr-CA\",\"potentialAction\":[{\"@type\":\"ReadAction\",\"target\":[\"https:\\\/\\\/dana.dexterra.com\\\/fr\\\/carte\\\/\"]}]},{\"@type\":\"BreadcrumbList\",\"@id\":\"https:\\\/\\\/dana.dexterra.com\\\/fr\\\/carte\\\/#breadcrumb\",\"itemListElement\":[{\"@type\":\"ListItem\",\"position\":1,\"name\":\"Home\",\"item\":\"https:\\\/\\\/dana.dexterra.com\\\/fr\\\/\"},{\"@type\":\"ListItem\",\"position\":2,\"name\":\"Carte\"}]},{\"@type\":\"WebSite\",\"@id\":\"https:\\\/\\\/dana.dexterra.com\\\/fr\\\/#website\",\"url\":\"https:\\\/\\\/dana.dexterra.com\\\/fr\\\/\",\"name\":\"Dana Hospitality\",\"description\":\"\",\"potentialAction\":[{\"@type\":\"SearchAction\",\"target\":{\"@type\":\"EntryPoint\",\"urlTemplate\":\"https:\\\/\\\/dana.dexterra.com\\\/fr\\\/?s={search_term_string}\"},\"query-input\":{\"@type\":\"PropertyValueSpecification\",\"valueRequired\":true,\"valueName\":\"search_term_string\"}}],\"inLanguage\":\"fr-CA\"}]}<\/script>\n<!-- \/ Yoast SEO plugin. -->","yoast_head_json":{"title":"Carte | Dana Hospitalit\u00e9","robots":{"index":"index","follow":"follow","max-snippet":"max-snippet:-1","max-image-preview":"max-image-preview:large","max-video-preview":"max-video-preview:-1"},"canonical":"https:\/\/dana.dexterra.com\/fr\/carte\/","og_locale":"fr_CA","og_type":"article","og_title":"Carte | Dana Hospitalit\u00e9","og_description":"Rechargez votre carte Dana","og_url":"https:\/\/dana.dexterra.com\/fr\/carte\/","og_site_name":"Dana Hospitalit\u00e9","article_modified_time":"2023-04-04T17:20:22+00:00","twitter_card":"summary_large_image","twitter_misc":{"Estimation du temps de lecture":"1 minute"},"schema":{"@context":"https:\/\/schema.org","@graph":[{"@type":"WebPage","@id":"https:\/\/dana.dexterra.com\/fr\/carte\/","url":"https:\/\/dana.dexterra.com\/fr\/carte\/","name":"Carte | Dana Hospitalit\u00e9","isPartOf":{"@id":"https:\/\/dana.dexterra.com\/fr\/#website"},"datePublished":"2023-04-04T15:43:30+00:00","dateModified":"2023-04-04T17:20:22+00:00","breadcrumb":{"@id":"https:\/\/dana.dexterra.com\/fr\/carte\/#breadcrumb"},"inLanguage":"fr-CA","potentialAction":[{"@type":"ReadAction","target":["https:\/\/dana.dexterra.com\/fr\/carte\/"]}]},{"@type":"BreadcrumbList","@id":"https:\/\/dana.dexterra.com\/fr\/carte\/#breadcrumb","itemListElement":[{"@type":"ListItem","position":1,"name":"Home","item":"https:\/\/dana.dexterra.com\/fr\/"},{"@type":"ListItem","position":2,"name":"Carte"}]},{"@type":"WebSite","@id":"https:\/\/dana.dexterra.com\/fr\/#website","url":"https:\/\/dana.dexterra.com\/fr\/","name":"Dana Hospitality","description":"","potentialAction":[{"@type":"SearchAction","target":{"@type":"EntryPoint","urlTemplate":"https:\/\/dana.dexterra.com\/fr\/?s={search_term_string}"},"query-input":{"@type":"PropertyValueSpecification","valueRequired":true,"valueName":"search_term_string"}}],"inLanguage":"fr-CA"}]}},"_links":{"self":[{"href":"https:\/\/dana.dexterra.com\/fr\/wp-json\/wp\/v2\/pages\/2594","targetHints":{"allow":["GET"]}}],"collection":[{"href":"https:\/\/dana.dexterra.com\/fr\/wp-json\/wp\/v2\/pages"}],"about":[{"href":"https:\/\/dana.dexterra.com\/fr\/wp-json\/wp\/v2\/types\/page"}],"author":[{"embeddable":true,"href":"https:\/\/dana.dexterra.com\/fr\/wp-json\/wp\/v2\/users\/6"}],"replies":[{"embeddable":true,"href":"https:\/\/dana.dexterra.com\/fr\/wp-json\/wp\/v2\/comments?post=2594"}],"version-history":[{"count":0,"href":"https:\/\/dana.dexterra.com\/fr\/wp-json\/wp\/v2\/pages\/2594\/revisions"}],"wp:attachment":[{"href":"https:\/\/dana.dexterra.com\/fr\/wp-json\/wp\/v2\/media?parent=2594"}],"curies":[{"name":"wp","href":"https:\/\/api.w.org\/{rel}","templated":true}]}}