{"id":2137,"date":"2023-01-31T14:23:41","date_gmt":"2023-01-31T14:23:41","guid":{"rendered":"https:\/\/dana1.wpengine.com\/privacy-policy\/"},"modified":"2023-03-20T13:45:41","modified_gmt":"2023-03-20T13:45:41","slug":"politique-de-confidentialite","status":"publish","type":"page","link":"https:\/\/dana.dexterra.com\/fr\/politique-de-confidentialite\/","title":{"rendered":"Politique de confidentialit\u00e9"},"content":{"rendered":"\t\t<div data-elementor-type=\"wp-page\" data-elementor-id=\"2137\" class=\"elementor elementor-2137 elementor-3\" data-elementor-post-type=\"page\">\n\t\t\t\t\t\t<section class=\"elementor-section elementor-top-section elementor-element elementor-element-5e99f69 elementor-section-full_width elementor-section-height-default elementor-section-height-default\" data-id=\"5e99f69\" data-element_type=\"section\" data-e-type=\"section\">\n\t\t\t\t\t\t<div class=\"elementor-container elementor-column-gap-default\">\n\t\t\t\t\t<div class=\"elementor-column elementor-col-100 elementor-top-column elementor-element elementor-element-9b92190\" data-id=\"9b92190\" data-element_type=\"column\" data-e-type=\"column\">\n\t\t\t<div class=\"elementor-widget-wrap elementor-element-populated\">\n\t\t\t\t\t\t<div class=\"elementor-element elementor-element-bb72861 elementor-widget elementor-widget-jk-hero\" data-id=\"bb72861\" data-element_type=\"widget\" data-e-type=\"widget\" data-widget_type=\"jk-hero.default\">\n\t\t\t\t<div class=\"elementor-widget-container\">\n\t\t\t\t\t<header class=\"small\"><div class=\"jkea_header\" style=\"background-image: url(https:\/\/dana.dexterra.com\/wp-content\/uploads\/2023\/02\/Copy-of-Dana0638@2x-1.png)\" ><div class=\"overlay\"><\/div><div class=\"jkea_header__container\"><div class=\"jkea_header__contentwrap\"><div class=\"jkea_header__content\"><div class=\"jkea_title\"><h1>Politique de confidentialit\u00e9<\/h1><\/div><\/div><\/div><div class=\"jkea_header__graphic\"><div class=\"starfield\"><\/div><div class=\"featuredimage\"><div class=\"imgcontainer\"><img fetchpriority=\"high\" decoding=\"async\" src=\"<img fetchpriority=\"high\" decoding=\"async\" width=\"1024\" height=\"235\" src=\"https:\/\/dana.dexterra.com\/wp-content\/uploads\/2023\/02\/Copy-of-Dana0638@2x-1-1024x235.png\" class=\"attachment-large size-large\" alt=\"A fresh sandwich filled with meat and cheese, with vegetable soup on the side.\" srcset=\"https:\/\/dana.dexterra.com\/wp-content\/uploads\/2023\/02\/Copy-of-Dana0638@2x-1-1024x235.png 1024w, https:\/\/dana.dexterra.com\/wp-content\/uploads\/2023\/02\/Copy-of-Dana0638@2x-1-300x69.png 300w, https:\/\/dana.dexterra.com\/wp-content\/uploads\/2023\/02\/Copy-of-Dana0638@2x-1-768x176.png 768w, https:\/\/dana.dexterra.com\/wp-content\/uploads\/2023\/02\/Copy-of-Dana0638@2x-1-1536x352.png 1536w, https:\/\/dana.dexterra.com\/wp-content\/uploads\/2023\/02\/Copy-of-Dana0638@2x-1-2048x469.png 2048w\" sizes=\"(max-width: 1024px) 100vw, 1024px\" \/>\" alt=\"A fresh sandwich filled with meat and cheese, with vegetable soup on the side.\"><\/div><\/div><\/div><div class=\"jkea_header__chevrons\"><div class=\"lightchevron\"><\/div>\n\t\t\t\t\t<div class=\"darkchevron\"><\/div>\n\t\t\t\t<\/div><\/div><\/div><\/header>\t\t\t\t<\/div>\n\t\t\t\t<\/div>\n\t\t\t\t\t<\/div>\n\t\t<\/div>\n\t\t\t\t\t<\/div>\n\t\t<\/section>\n\t\t\t\t<section class=\"elementor-section elementor-top-section elementor-element elementor-element-cbc92c1 textcontent elementor-section-boxed elementor-section-height-default elementor-section-height-default\" data-id=\"cbc92c1\" data-element_type=\"section\" data-e-type=\"section\">\n\t\t\t\t\t\t<div class=\"elementor-container elementor-column-gap-default\">\n\t\t\t\t\t<div class=\"elementor-column elementor-col-100 elementor-top-column elementor-element elementor-element-65bae34\" data-id=\"65bae34\" data-element_type=\"column\" data-e-type=\"column\">\n\t\t\t<div class=\"elementor-widget-wrap elementor-element-populated\">\n\t\t\t\t\t\t<div class=\"elementor-element elementor-element-27aa522 elementor-widget elementor-widget-text-editor\" data-id=\"27aa522\" data-element_type=\"widget\" data-e-type=\"widget\" data-widget_type=\"text-editor.default\">\n\t\t\t\t<div class=\"elementor-widget-container\">\n\t\t\t\t\t\t\t\t\t<p>Votre vie priv\u00e9e est importante pour nous. Afin de mieux prot\u00e9ger votre vie priv\u00e9e, nous fournissons cet avis expliquant nos pratiques en mati\u00e8re d\u2019information en ligne et les choix que vous pouvez faire concernant la fa\u00e7on dont vos renseignements sont recueillis et utilis\u00e9s.<\/p><p>Pour rendre cet avis facile \u00e0 trouver, nous l\u2019avons mis \u00e0 disposition sur notre page d\u2019accueil et \u00e0 chaque moment o\u00f9 des renseignements personnels peuvent \u00eatre demand\u00e9s.<\/p><h2>Notre politique<\/h2><p>Lors de la visite de Dana Hospitalit\u00e9, l\u2019adresse IP utilis\u00e9e pour acc\u00e9der au site sera enregistr\u00e9e, ainsi que les dates et les heures d\u2019acc\u00e8s. Ces renseignements sont purement utilis\u00e9s pour analyser les tendances, administrer le site, suivre les mouvements des utilisateurs et recueillir des renseignements d\u00e9mographiques g\u00e9n\u00e9raux pour un usage interne. Plus important encore, les adresses IP enregistr\u00e9es ne sont pas li\u00e9es \u00e0 des renseignements personnels identifiables.<\/p><p>Nous avons inclus des liens sur ce site \u00e0 des fins d\u2019utilisation et de r\u00e9f\u00e9rence. Nous ne sommes pas responsables des politiques de confidentialit\u00e9 de ces sites Web. Vous devez savoir que les politiques de confidentialit\u00e9 de ces sites peuvent diff\u00e9rer des n\u00f4tres.<\/p><p>Le contenu de cette d\u00e9claration peut \u00eatre modifi\u00e9 \u00e0 tout moment, \u00e0 notre discr\u00e9tion.<\/p>\t\t\t\t\t\t\t\t<\/div>\n\t\t\t\t<\/div>\n\t\t\t\t\t<\/div>\n\t\t<\/div>\n\t\t\t\t\t<\/div>\n\t\t<\/section>\n\t\t\t\t<section class=\"elementor-section elementor-top-section elementor-element elementor-element-37cd38d elementor-section-full_width elementor-section-height-default elementor-section-height-default\" data-id=\"37cd38d\" data-element_type=\"section\" data-e-type=\"section\">\n\t\t\t\t\t\t<div class=\"elementor-container elementor-column-gap-default\">\n\t\t\t\t\t<div class=\"elementor-column elementor-col-100 elementor-top-column elementor-element elementor-element-c1f5421\" data-id=\"c1f5421\" data-element_type=\"column\" data-e-type=\"column\">\n\t\t\t<div class=\"elementor-widget-wrap elementor-element-populated\">\n\t\t\t\t\t\t<div class=\"elementor-element elementor-element-a299650 elementor-widget elementor-widget-jk-cta\" data-id=\"a299650\" data-element_type=\"widget\" data-e-type=\"widget\" data-widget_type=\"jk-cta.default\">\n\t\t\t\t<div class=\"elementor-widget-container\">\n\t\t\t\t\t<div class=\"jkea_cta_wrapper\"><div class=\"jkea_cta\">\n\t\t<div class=\"jkea_cta_content\">\n\t\t\t<div class=\"jkea_title\">\n\t\t\t\t<h2>Vous avez une question?<\/h2>\n\t\t\t<\/div>\n\t\t\t<div class=\"jkea_text\">\n\t\t\t\t<p>Si vous avez des questions concernant la politique de confidentialit\u00e9 de Dana Hospitalit\u00e9, communiquez avec nous en tout temps.<\/p>\n\t\t\t<\/div><div class=\"link\">\n\t\t\t\t<a href=\"\/fr\/contactez-nous\/\" class=\"\">Contactez-nous<\/a>\n\t\t\t<\/div><\/div><\/div><div class=\"graphics\"><div class=\"image\" style=\"background-image:url(https:\/\/dana.dexterra.com\/wp-content\/uploads\/2023\/02\/shutterstock_253456999@2x-1.png)\"><\/div><div class=\"bars\"><div class=\"dots\"><\/div><div class=\"bluebar\"><\/div><div class=\"transparentbar\"><\/div><\/div><\/div>\t\t\t\t<\/div>\n\t\t\t\t<\/div>\n\t\t\t\t\t<\/div>\n\t\t<\/div>\n\t\t\t\t\t<\/div>\n\t\t<\/section>\n\t\t\t\t<\/div>\n\t\t","protected":false},"excerpt":{"rendered":"<p>Politique de confidentialit\u00e9 Votre vie priv\u00e9e est importante pour nous. Afin de mieux prot\u00e9ger votre vie priv\u00e9e, nous fournissons cet avis expliquant nos pratiques en mati\u00e8re d\u2019information en ligne et les choix que vous pouvez faire concernant la fa\u00e7on dont vos renseignements sont recueillis et utilis\u00e9s. Pour rendre cet avis facile \u00e0 trouver, nous l\u2019avons [&hellip;]<\/p>\n","protected":false},"author":1,"featured_media":0,"parent":0,"menu_order":0,"comment_status":"closed","ping_status":"open","template":"","meta":{"_acf_changed":false,"footnotes":""},"class_list":["post-2137","page","type-page","status-publish","hentry"],"acf":[],"yoast_head":"<!-- This site is optimized with the Yoast SEO plugin v27.3 - https:\/\/yoast.com\/product\/yoast-seo-wordpress\/ -->\n<title>Politique de confidentialit\u00e9 | Dana Hospitalit\u00e9<\/title>\n<meta name=\"description\" content=\"Nous expliquons nos pratiques en mati\u00e8re de renseignements en ligne et la fa\u00e7on dont vos renseignements sont recueillis et utilis\u00e9s.\" \/>\n<meta name=\"robots\" content=\"index, follow, max-snippet:-1, max-image-preview:large, max-video-preview:-1\" \/>\n<link rel=\"canonical\" href=\"https:\/\/dana.dexterra.com\/fr\/politique-de-confidentialite\/\" \/>\n<meta property=\"og:locale\" content=\"fr_CA\" \/>\n<meta property=\"og:type\" content=\"article\" \/>\n<meta property=\"og:title\" content=\"Politique de confidentialit\u00e9 | Dana Hospitalit\u00e9\" \/>\n<meta property=\"og:description\" content=\"Nous expliquons nos pratiques en mati\u00e8re de renseignements en ligne et la fa\u00e7on dont vos renseignements sont recueillis et utilis\u00e9s.\" \/>\n<meta property=\"og:url\" content=\"https:\/\/dana.dexterra.com\/fr\/politique-de-confidentialite\/\" \/>\n<meta property=\"og:site_name\" content=\"Dana Hospitalit\u00e9\" \/>\n<meta property=\"article:modified_time\" content=\"2023-03-20T13:45:41+00:00\" \/>\n<meta property=\"og:image\" content=\"https:\/\/dana.dexterra.com\/wp-content\/uploads\/2023\/02\/Copy-of-Dana0638@2x-1.png\" \/>\n<meta name=\"twitter:card\" content=\"summary_large_image\" \/>\n<meta name=\"twitter:label1\" content=\"Estimation du temps de lecture\" \/>\n\t<meta name=\"twitter:data1\" content=\"2 minutes\" \/>\n<script type=\"application\/ld+json\" class=\"yoast-schema-graph\">{\"@context\":\"https:\\\/\\\/schema.org\",\"@graph\":[{\"@type\":\"WebPage\",\"@id\":\"https:\\\/\\\/dana.dexterra.com\\\/fr\\\/politique-de-confidentialite\\\/\",\"url\":\"https:\\\/\\\/dana.dexterra.com\\\/fr\\\/politique-de-confidentialite\\\/\",\"name\":\"Politique de confidentialit\u00e9 | Dana Hospitalit\u00e9\",\"isPartOf\":{\"@id\":\"https:\\\/\\\/dana.dexterra.com\\\/fr\\\/#website\"},\"primaryImageOfPage\":{\"@id\":\"https:\\\/\\\/dana.dexterra.com\\\/fr\\\/politique-de-confidentialite\\\/#primaryimage\"},\"image\":{\"@id\":\"https:\\\/\\\/dana.dexterra.com\\\/fr\\\/politique-de-confidentialite\\\/#primaryimage\"},\"thumbnailUrl\":\"https:\\\/\\\/dana.dexterra.com\\\/wp-content\\\/uploads\\\/2023\\\/02\\\/Copy-of-Dana0638@2x-1.png\",\"datePublished\":\"2023-01-31T14:23:41+00:00\",\"dateModified\":\"2023-03-20T13:45:41+00:00\",\"description\":\"Nous expliquons nos pratiques en mati\u00e8re de renseignements en ligne et la fa\u00e7on dont vos renseignements sont recueillis et utilis\u00e9s.\",\"breadcrumb\":{\"@id\":\"https:\\\/\\\/dana.dexterra.com\\\/fr\\\/politique-de-confidentialite\\\/#breadcrumb\"},\"inLanguage\":\"fr-CA\",\"potentialAction\":[{\"@type\":\"ReadAction\",\"target\":[\"https:\\\/\\\/dana.dexterra.com\\\/fr\\\/politique-de-confidentialite\\\/\"]}]},{\"@type\":\"ImageObject\",\"inLanguage\":\"fr-CA\",\"@id\":\"https:\\\/\\\/dana.dexterra.com\\\/fr\\\/politique-de-confidentialite\\\/#primaryimage\",\"url\":\"https:\\\/\\\/dana.dexterra.com\\\/wp-content\\\/uploads\\\/2023\\\/02\\\/Copy-of-Dana0638@2x-1.png\",\"contentUrl\":\"https:\\\/\\\/dana.dexterra.com\\\/wp-content\\\/uploads\\\/2023\\\/02\\\/Copy-of-Dana0638@2x-1.png\"},{\"@type\":\"BreadcrumbList\",\"@id\":\"https:\\\/\\\/dana.dexterra.com\\\/fr\\\/politique-de-confidentialite\\\/#breadcrumb\",\"itemListElement\":[{\"@type\":\"ListItem\",\"position\":1,\"name\":\"Home\",\"item\":\"https:\\\/\\\/dana.dexterra.com\\\/fr\\\/\"},{\"@type\":\"ListItem\",\"position\":2,\"name\":\"Politique de confidentialit\u00e9\"}]},{\"@type\":\"WebSite\",\"@id\":\"https:\\\/\\\/dana.dexterra.com\\\/fr\\\/#website\",\"url\":\"https:\\\/\\\/dana.dexterra.com\\\/fr\\\/\",\"name\":\"Dana Hospitality\",\"description\":\"\",\"potentialAction\":[{\"@type\":\"SearchAction\",\"target\":{\"@type\":\"EntryPoint\",\"urlTemplate\":\"https:\\\/\\\/dana.dexterra.com\\\/fr\\\/?s={search_term_string}\"},\"query-input\":{\"@type\":\"PropertyValueSpecification\",\"valueRequired\":true,\"valueName\":\"search_term_string\"}}],\"inLanguage\":\"fr-CA\"}]}<\/script>\n<!-- \/ Yoast SEO plugin. -->","yoast_head_json":{"title":"Politique de confidentialit\u00e9 | Dana Hospitalit\u00e9","description":"Nous expliquons nos pratiques en mati\u00e8re de renseignements en ligne et la fa\u00e7on dont vos renseignements sont recueillis et utilis\u00e9s.","robots":{"index":"index","follow":"follow","max-snippet":"max-snippet:-1","max-image-preview":"max-image-preview:large","max-video-preview":"max-video-preview:-1"},"canonical":"https:\/\/dana.dexterra.com\/fr\/politique-de-confidentialite\/","og_locale":"fr_CA","og_type":"article","og_title":"Politique de confidentialit\u00e9 | Dana Hospitalit\u00e9","og_description":"Nous expliquons nos pratiques en mati\u00e8re de renseignements en ligne et la fa\u00e7on dont vos renseignements sont recueillis et utilis\u00e9s.","og_url":"https:\/\/dana.dexterra.com\/fr\/politique-de-confidentialite\/","og_site_name":"Dana Hospitalit\u00e9","article_modified_time":"2023-03-20T13:45:41+00:00","og_image":[{"url":"https:\/\/dana.dexterra.com\/wp-content\/uploads\/2023\/02\/Copy-of-Dana0638@2x-1.png","type":"","width":"","height":""}],"twitter_card":"summary_large_image","twitter_misc":{"Estimation du temps de lecture":"2 minutes"},"schema":{"@context":"https:\/\/schema.org","@graph":[{"@type":"WebPage","@id":"https:\/\/dana.dexterra.com\/fr\/politique-de-confidentialite\/","url":"https:\/\/dana.dexterra.com\/fr\/politique-de-confidentialite\/","name":"Politique de confidentialit\u00e9 | Dana Hospitalit\u00e9","isPartOf":{"@id":"https:\/\/dana.dexterra.com\/fr\/#website"},"primaryImageOfPage":{"@id":"https:\/\/dana.dexterra.com\/fr\/politique-de-confidentialite\/#primaryimage"},"image":{"@id":"https:\/\/dana.dexterra.com\/fr\/politique-de-confidentialite\/#primaryimage"},"thumbnailUrl":"https:\/\/dana.dexterra.com\/wp-content\/uploads\/2023\/02\/Copy-of-Dana0638@2x-1.png","datePublished":"2023-01-31T14:23:41+00:00","dateModified":"2023-03-20T13:45:41+00:00","description":"Nous expliquons nos pratiques en mati\u00e8re de renseignements en ligne et la fa\u00e7on dont vos renseignements sont recueillis et utilis\u00e9s.","breadcrumb":{"@id":"https:\/\/dana.dexterra.com\/fr\/politique-de-confidentialite\/#breadcrumb"},"inLanguage":"fr-CA","potentialAction":[{"@type":"ReadAction","target":["https:\/\/dana.dexterra.com\/fr\/politique-de-confidentialite\/"]}]},{"@type":"ImageObject","inLanguage":"fr-CA","@id":"https:\/\/dana.dexterra.com\/fr\/politique-de-confidentialite\/#primaryimage","url":"https:\/\/dana.dexterra.com\/wp-content\/uploads\/2023\/02\/Copy-of-Dana0638@2x-1.png","contentUrl":"https:\/\/dana.dexterra.com\/wp-content\/uploads\/2023\/02\/Copy-of-Dana0638@2x-1.png"},{"@type":"BreadcrumbList","@id":"https:\/\/dana.dexterra.com\/fr\/politique-de-confidentialite\/#breadcrumb","itemListElement":[{"@type":"ListItem","position":1,"name":"Home","item":"https:\/\/dana.dexterra.com\/fr\/"},{"@type":"ListItem","position":2,"name":"Politique de confidentialit\u00e9"}]},{"@type":"WebSite","@id":"https:\/\/dana.dexterra.com\/fr\/#website","url":"https:\/\/dana.dexterra.com\/fr\/","name":"Dana Hospitality","description":"","potentialAction":[{"@type":"SearchAction","target":{"@type":"EntryPoint","urlTemplate":"https:\/\/dana.dexterra.com\/fr\/?s={search_term_string}"},"query-input":{"@type":"PropertyValueSpecification","valueRequired":true,"valueName":"search_term_string"}}],"inLanguage":"fr-CA"}]}},"_links":{"self":[{"href":"https:\/\/dana.dexterra.com\/fr\/wp-json\/wp\/v2\/pages\/2137","targetHints":{"allow":["GET"]}}],"collection":[{"href":"https:\/\/dana.dexterra.com\/fr\/wp-json\/wp\/v2\/pages"}],"about":[{"href":"https:\/\/dana.dexterra.com\/fr\/wp-json\/wp\/v2\/types\/page"}],"author":[{"embeddable":true,"href":"https:\/\/dana.dexterra.com\/fr\/wp-json\/wp\/v2\/users\/1"}],"replies":[{"embeddable":true,"href":"https:\/\/dana.dexterra.com\/fr\/wp-json\/wp\/v2\/comments?post=2137"}],"version-history":[{"count":0,"href":"https:\/\/dana.dexterra.com\/fr\/wp-json\/wp\/v2\/pages\/2137\/revisions"}],"wp:attachment":[{"href":"https:\/\/dana.dexterra.com\/fr\/wp-json\/wp\/v2\/media?parent=2137"}],"curies":[{"name":"wp","href":"https:\/\/api.w.org\/{rel}","templated":true}]}}