{"id":2102,"date":"2023-02-07T17:15:37","date_gmt":"2023-02-07T17:15:37","guid":{"rendered":"https:\/\/dana1.wpengine.com\/nos-services\/micro-market-food-service\/"},"modified":"2024-02-29T15:23:41","modified_gmt":"2024-02-29T15:23:41","slug":"service-alimentaire-de-micromarche","status":"publish","type":"page","link":"https:\/\/dana.dexterra.com\/fr\/nos-services\/service-alimentaire-de-micromarche\/","title":{"rendered":"Micromarch\u00e9s"},"content":{"rendered":"\t\t<div data-elementor-type=\"wp-page\" data-elementor-id=\"2102\" class=\"elementor elementor-2102 elementor-363\" data-elementor-post-type=\"page\">\n\t\t\t\t\t\t<section class=\"elementor-section elementor-top-section elementor-element elementor-element-81002ed elementor-section-full_width elementor-section-height-default elementor-section-height-default\" data-id=\"81002ed\" data-element_type=\"section\" data-e-type=\"section\">\n\t\t\t\t\t\t<div class=\"elementor-container elementor-column-gap-default\">\n\t\t\t\t\t<div class=\"elementor-column elementor-col-100 elementor-top-column elementor-element elementor-element-f346f83\" data-id=\"f346f83\" data-element_type=\"column\" data-e-type=\"column\">\n\t\t\t<div class=\"elementor-widget-wrap elementor-element-populated\">\n\t\t\t\t\t\t<div class=\"elementor-element elementor-element-20366af elementor-widget elementor-widget-jk-hero\" data-id=\"20366af\" data-element_type=\"widget\" data-e-type=\"widget\" data-widget_type=\"jk-hero.default\">\n\t\t\t\t<div class=\"elementor-widget-container\">\n\t\t\t\t\t<header class=\"medium\"><div class=\"jkea_header\"><div class=\"overlay\"><\/div><div class=\"jkea_header__container\"><div class=\"jkea_header__contentwrap\"><div class=\"jkea_header__content\"><div class=\"jkea_title\"><h1>Micromarch\u00e9s<\/h1><\/div><div class=\"subtitle\"><p> <\/p><\/div><div class=\"text\"><p>Les services alimentaires du micromarch\u00e9 apportent une grande valeur \u00e0 l\u2019exp\u00e9rience de votre caf\u00e9, surtout lorsqu\u2019ils sont rehauss\u00e9s par notre programme <em>de cuisine maison, locale, et fra\u00eeche<\/em> et notre m\u00e9thode de livraison personnalis\u00e9e.<\/p><\/div><\/div><\/div><div class=\"jkea_header__graphic\"><div class=\"starfield\"><\/div><div class=\"secondaryimage\"><div class=\"spork\"><svg version=\"1.1\" id=\"sporkicon\" xmlns=\"http:\/\/www.w3.org\/2000\/svg\" xmlns:xlink=\"http:\/\/www.w3.org\/1999\/xlink\" x=\"0px\" y=\"0px\"\n\t\t\t\t\t\t\t\t viewBox=\"0 0 44.9 41.3\" style=\"enable-background:new 0 0 44.9 41.3;\" xml:space=\"preserve\" fill: \"none\" role=\"img\" aria-labelledby=\"sporktitle\">\n\t\t\t\t\t\t\t\t <title id=\"sporktitle\">Fork and Spoon Icon<\/title>\n\t\t\t\t\t\t\t<style type=\"text\/css\">\n\t\t\t\t\t\t\t\t.st0{fill:none;stroke:#transparent;stroke-width:2;stroke-linecap:round;stroke-linejoin:round;stroke-miterlimit:10;}\n\t\t\t\t\t\t\t\t.st1{fill:none;stroke:#transparent;stroke-width:2;stroke-linecap:round;stroke-linejoin:round;stroke-miterlimit:10;}\n\t\t\t\t\t\t\t\t.st2{fill:none;stroke:#transparent;stroke-width:1.75;stroke-linecap:round;stroke-linejoin:round;stroke-miterlimit:10;}\n\t\t\t\t\t\t\t<\/style>\n\t\t\t\t\t\t\t<path class=\"st0\" d=\"M4.9,2.5C4,2.5,1.7,3.4,1.2,5.8c-0.6,2.4,0.5,4.8,1.5,6.5c1,1.7,2,3,5.4,5.5c1.2,0.8,3.2,0.8,4,0.7\n\t\t\t\t\t\t\t\tc1.1-0.2,2.5-0.5,2.8-0.5c0.6-0.1,1.2-0.2,1.7,0.1s0.9,0.8,1.6,1.5c0.6,0.6,1,1,1,1s-2.5-2.3-2.5-2.6c-0.3-1.2,0.3-3.3,0.4-3.9\n\t\t\t\t\t\t\t\tc0.4-2.1,0.2-2.9-0.5-4.6c-0.3-0.7-1.6-2.3-2.1-2.8c-1.5-1.4-2.7-2.3-3.3-2.6C10.2,3.8,10,3.7,10,3.7\" pathLength=\"1\" \/>\n\t\t\t\t\t\t\t<path class=\"st1\" d=\"M27.4,11.3c-0.1,0.3-0.1,1.7-0.1,2.4c0,0.6,0.1,1.9,0.1,2.5c-0.1,0.5-0.2,1.1-0.4,1.5c-0.1,0.1-0.2,0.3-0.3,0.4\n\t\t\t\t\t\t\t\tc-0.6,0.5-2.3,2.4-2.3,2.4s2.7-2.8,2.9-2.8c0.3-0.1,0.8-0.2,1.2-0.2c1.3-0.1,2,0.1,3.1,0c2.4,0,3.1-0.1,4.5-1.7\n\t\t\t\t\t\t\t\tc0.5-0.5,7.8-7.8,7.8-7.8\" pathLength=\"1\" \/>\n\t\t\t\t\t\t\t<path class=\"st2\" d=\"M41.4,5.8c0,0-4.4,4.3-4.3,4.3c0.1-0.1-3.8,3.7-3.8,3.7\" pathLength=\"0\" \/>\n\t\t\t\t\t\t\t<path class=\"st2\" d=\"M39.1,3.5c0,0-4.2,4.1-4.1,4c0.1-0.1-4,4-4,4\" pathLength=\"1\" \/>\n\t\t\t\t\t\t\t<path class=\"st1\" d=\"M36.8,1c0,0-3.4,3.4-3.4,3.3c0,0-4.2,4.2-4.2,4.2\" pathLength=\"1\" \/>\n\t\t\t\t\t\t\t<path class=\"st0\" d=\"M19.9,26.3c0,0-5.4,6.6-7.4,8.8c-2,2.3-3.7,4.1-4.6,4.7c-1.3,1-2.3-0.3-2.5-0.5C4.9,39,4.7,38,5.2,37.4\n\t\t\t\t\t\t\t\tc0.9-1,3.8-3.8,4.9-4.8c0.7-0.6,8.6-7.3,8.6-7.3\" pathLength=\"1\" \/>\n\t\t\t\t\t\t\t<path class=\"st1\" d=\"M24.9,25.3c0,0,6.6,5.4,8.8,7.4c2.3,2,4.1,3.7,4.7,4.6c1,1.3-0.3,2.3-0.5,2.5c-0.4,0.5-1.5,0.6-2.1,0.1\n\t\t\t\t\t\t\t\tc-1-0.9-3.8-3.8-4.8-4.9c-0.6-0.7-7.3-8.6-7.3-8.6\" pathLength=\"1\" \/>\n\t\t\t\t\t\t\t<\/svg><\/div><div class=\"imgcontainer\"><img fetchpriority=\"high\" decoding=\"async\" width=\"522\" height=\"678\" src=\"https:\/\/dana.dexterra.com\/wp-content\/uploads\/2023\/03\/Dana_micromarket@2x.png\" class=\"attachment-large size-large\" alt=\"refrigerator with packaged food and drinks\" srcset=\"https:\/\/dana.dexterra.com\/wp-content\/uploads\/2023\/03\/Dana_micromarket@2x.png 522w, https:\/\/dana.dexterra.com\/wp-content\/uploads\/2023\/03\/Dana_micromarket@2x-231x300.png 231w\" sizes=\"(max-width: 522px) 100vw, 522px\" \/><\/div><\/div><div class=\"featuredimage\"><div class=\"imgcontainer\"><img decoding=\"async\" src=\"<img decoding=\"async\" width=\"734\" height=\"954\" src=\"https:\/\/dana.dexterra.com\/wp-content\/uploads\/2023\/03\/Micro-Market-3@2x.png\" class=\"attachment-large size-large\" alt=\"packaged sandwiches\" srcset=\"https:\/\/dana.dexterra.com\/wp-content\/uploads\/2023\/03\/Micro-Market-3@2x.png 734w, https:\/\/dana.dexterra.com\/wp-content\/uploads\/2023\/03\/Micro-Market-3@2x-231x300.png 231w\" sizes=\"(max-width: 734px) 100vw, 734px\" \/>\" alt=\"packaged sandwiches\"><\/div><\/div><\/div><div class=\"jkea_header__chevrons\"><div class=\"lightchevron\"><\/div>\n\t\t\t\t\t<div class=\"darkchevron\"><\/div>\n\t\t\t\t<\/div><\/div><\/div><\/header>\t\t\t\t<\/div>\n\t\t\t\t<\/div>\n\t\t\t\t\t<\/div>\n\t\t<\/div>\n\t\t\t\t\t<\/div>\n\t\t<\/section>\n\t\t\t\t<section class=\"elementor-section elementor-top-section elementor-element elementor-element-7a29cb0 elementor-section-boxed elementor-section-height-default elementor-section-height-default\" data-id=\"7a29cb0\" data-element_type=\"section\" data-e-type=\"section\">\n\t\t\t\t\t\t<div class=\"elementor-container elementor-column-gap-default\">\n\t\t\t\t\t<div class=\"elementor-column elementor-col-100 elementor-top-column elementor-element elementor-element-f388e93\" data-id=\"f388e93\" data-element_type=\"column\" data-e-type=\"column\">\n\t\t\t<div class=\"elementor-widget-wrap elementor-element-populated\">\n\t\t\t\t\t\t<div class=\"elementor-element elementor-element-b31e28a elementor-widget elementor-widget-jk-pod\" data-id=\"b31e28a\" data-element_type=\"widget\" data-e-type=\"widget\" data-widget_type=\"jk-pod.default\">\n\t\t\t\t<div class=\"elementor-widget-container\">\n\t\t\t\t\t<div class=\"jkea_pod_wrapper white\"><div class=\"container\"><div class=\"title\"><h2>Une alternative app\u00e9tissante au service alimentaire complet sur place<\/h2><\/div><div class=\"jkea_pods large\"><div class=\"jkea_pod_content\"><div class=\"jkea_icon\">\n\t\t\t\t\t\t\t<div class=\"icon\"><img decoding=\"async\" width=\"784\" height=\"784\" src=\"https:\/\/dana.dexterra.com\/wp-content\/uploads\/2023\/03\/Micro-Market-5@2x.png\" class=\"attachment-large size-large\" alt=\"yogurt in container\" srcset=\"https:\/\/dana.dexterra.com\/wp-content\/uploads\/2023\/03\/Micro-Market-5@2x.png 784w, https:\/\/dana.dexterra.com\/wp-content\/uploads\/2023\/03\/Micro-Market-5@2x-300x300.png 300w, https:\/\/dana.dexterra.com\/wp-content\/uploads\/2023\/03\/Micro-Market-5@2x-150x150.png 150w, https:\/\/dana.dexterra.com\/wp-content\/uploads\/2023\/03\/Micro-Market-5@2x-768x768.png 768w\" sizes=\"(max-width: 784px) 100vw, 784px\" \/><\/div>\n\t\t\t\t\t\t<\/div><div class=\"jkea_title\"><h3>March\u00e9s de grande taille qui mettent l\u2019accent sur la qualit\u00e9 et la s\u00e9lection<\/h3>\n                \t<\/div>\n                \t<div class=\"jkea_text\">\n                \t\tNous comprenons que le service et la pr\u00e9paration des aliments sur place peuvent ne pas \u00eatre une option. Nos micromarch\u00e9s vous permettent d\u2019offrir tous les avantages d\u2019un programme de service alimentaire de qualit\u00e9 \u00e0 vos invit\u00e9s ou \u00e0 vos employ\u00e9s. Ils sont \u00e9galement un excellent moyen de r\u00e9duire les co\u00fbts, d\u2019ajouter de la vari\u00e9t\u00e9 et de soutenir la rapidit\u00e9 du service dans les caf\u00e9s \u00e0 service complet, et offrent une option \u00e9lev\u00e9e aux programmes de distribution automatique seulement. En plus de nos march\u00e9s, nous offrons \u00e9galement des paniers fermiers et des bo\u00eetes d\u2019aliments \u00e0 emporter qui sont pratiques et facilement disponibles.\n                \t<\/div> <\/div><div class=\"jkea_pod_content\"><div class=\"jkea_icon\">\n\t\t\t\t\t\t\t<div class=\"icon\"><img loading=\"lazy\" decoding=\"async\" width=\"784\" height=\"784\" src=\"https:\/\/dana.dexterra.com\/wp-content\/uploads\/2023\/03\/Micro-Market-photo-1@2x.png\" class=\"attachment-large size-large\" alt=\"sandwiches in package on display\" srcset=\"https:\/\/dana.dexterra.com\/wp-content\/uploads\/2023\/03\/Micro-Market-photo-1@2x.png 784w, https:\/\/dana.dexterra.com\/wp-content\/uploads\/2023\/03\/Micro-Market-photo-1@2x-300x300.png 300w, https:\/\/dana.dexterra.com\/wp-content\/uploads\/2023\/03\/Micro-Market-photo-1@2x-150x150.png 150w, https:\/\/dana.dexterra.com\/wp-content\/uploads\/2023\/03\/Micro-Market-photo-1@2x-768x768.png 768w\" sizes=\"(max-width: 784px) 100vw, 784px\" \/><\/div>\n\t\t\t\t\t\t<\/div><div class=\"jkea_title\"><h3>Options de menu frais et local<\/h3>\n                \t<\/div>\n                \t<div class=\"jkea_text\">\n                \t\tNotre programme de micromarch\u00e9 est unique sur le march\u00e9 aujourd\u2019hui. La diff\u00e9rence? Tout commence par notre programme culinaire <em>de cuisine maison, locale, et fra\u00eeche<\/em>. Les aliments de nos micromarch\u00e9s sont pr\u00e9par\u00e9s frais tous les jours par des chefs certifi\u00e9s qui n\u2019utilisent que les meilleurs ingr\u00e9dients locaux. Nos menus personnalis\u00e9s offrent des options de collations, de soupes, de salades, de sandwichs, de plats principaux et de desserts qui changent tous les jours et qui adoptent la saisonnalit\u00e9, l\u2019innovation et la diversit\u00e9.\n                \t<\/div> <\/div><div class=\"jkea_pod_content\"><div class=\"jkea_icon\">\n\t\t\t\t\t\t\t<div class=\"icon\"><img loading=\"lazy\" decoding=\"async\" width=\"784\" height=\"784\" src=\"https:\/\/dana.dexterra.com\/wp-content\/uploads\/2023\/03\/Mirco-Market-2@2x.png\" class=\"attachment-large size-large\" alt=\"packaged sandwiches and wraps on display in refrigerator\" srcset=\"https:\/\/dana.dexterra.com\/wp-content\/uploads\/2023\/03\/Mirco-Market-2@2x.png 784w, https:\/\/dana.dexterra.com\/wp-content\/uploads\/2023\/03\/Mirco-Market-2@2x-300x300.png 300w, https:\/\/dana.dexterra.com\/wp-content\/uploads\/2023\/03\/Mirco-Market-2@2x-150x150.png 150w, https:\/\/dana.dexterra.com\/wp-content\/uploads\/2023\/03\/Mirco-Market-2@2x-768x768.png 768w\" sizes=\"(max-width: 784px) 100vw, 784px\" \/><\/div>\n\t\t\t\t\t\t<\/div><div class=\"jkea_title\"><h3>Une apparence et une sensation personnalis\u00e9es<\/h3>\n                \t<\/div>\n                \t<div class=\"jkea_text\">\n                \t\tChaque micromarch\u00e9 est con\u00e7u sur mesure pour une apparence et une sensation haut de gamme. Chaque concept de conception tient compte de l\u2019espace et de l\u2019\u00e9quipement allou\u00e9s n\u00e9cessaires pour servir vos employ\u00e9s. Les supports ouverts, les \u00e9tag\u00e8res et les glaci\u00e8res \u00e0 fa\u00e7ade en verre acc\u00e9l\u00e8rent et facilitent l\u2019acc\u00e8s aux aliments. Les pr\u00e9sentoirs contemporains, le marchandisage et la marque Dana compl\u00e8tent le design, ce qui en fait une am\u00e9lioration attrayante \u00e0 toute exp\u00e9rience de caf\u00e9.\n                \t<\/div> <\/div><\/div><\/div><\/div><\/div>\t\t\t\t<\/div>\n\t\t\t\t<\/div>\n\t\t\t\t\t<\/div>\n\t\t<\/div>\n\t\t\t\t\t<\/div>\n\t\t<\/section>\n\t\t\t\t<section class=\"elementor-section elementor-top-section elementor-element elementor-element-ae80101 elementor-section-full_width elementor-section-height-default elementor-section-height-default\" data-id=\"ae80101\" data-element_type=\"section\" data-e-type=\"section\">\n\t\t\t\t\t\t<div class=\"elementor-container elementor-column-gap-default\">\n\t\t\t\t\t<div class=\"elementor-column elementor-col-100 elementor-top-column elementor-element elementor-element-88d5f3e\" data-id=\"88d5f3e\" data-element_type=\"column\" data-e-type=\"column\">\n\t\t\t<div class=\"elementor-widget-wrap elementor-element-populated\">\n\t\t\t\t\t\t<div class=\"elementor-element elementor-element-d393e9f elementor-widget elementor-widget-jk-5050\" data-id=\"d393e9f\" data-element_type=\"widget\" data-e-type=\"widget\" data-widget_type=\"jk-5050.default\">\n\t\t\t\t<div class=\"elementor-widget-container\">\n\t\t\t\t\t<div class=\"jkea_5050_wrapper right light\"><div class=\"jkea_image\" ><div class=\"image imgcontainer\" style=\"background-image: url(https:\/\/dana.dexterra.com\/wp-content\/uploads\/2023\/02\/Micro-Markets-Preparation-1024x792.jpg );\"><\/div><\/div>\n\t\t\t\t\n        \t\t<div class=\"jkea_5050\">\n\t\t\t\t\n            \t\t<div class=\"jkea_5050_content\"><div class=\"jkea_title\">\n            \t    \t\t<h2 class\"animatethis\">Les micromarch\u00e9s ont un impact important sur votre exp\u00e9rience de service alimentaire <\/h2>\n            \t\t\t<\/div>\n            \t\t\t<div class=\"jkea_text\">\n            \t\t\t\t<p>Les micromarch\u00e9s sont un ajout novateur aux op\u00e9rations de services alimentaires existantes, car ils proposent des repas emball\u00e9s individuellement pr\u00e9par\u00e9s quotidiennement sur place, sans ajouter de frais g\u00e9n\u00e9raux ou de personnel importants.<\/p><p>Ils sont un ajout important \u00e0 toute exp\u00e9rience culinaire sur place, car ils offrent ce qui suit :<\/p><ul><li>Une solution de services alimentaires \u00e0 faible co\u00fbt et n\u00e9cessitant peu d\u2019entretien<\/li><li>Des choix d\u2019aliments frais, locaux, sains et nutritifs qui d\u00e9passent les normes de l\u2019industrie<\/li><li>Une grande vari\u00e9t\u00e9 d\u2019aliments et de boissons populaires<\/li><li>L\u2019option d\u2019ajouter des produits non alimentaires<\/li><li>Respect strict des normes de sant\u00e9 et de s\u00e9curit\u00e9 des services alimentaires<\/li><li>Emballage durable et inviolable<\/li><li>Service 24 heures sur 24, 7 jours sur 7<\/li><li>Paiement libre-service pratique et kiosques conviviaux<\/li><li>Une vari\u00e9t\u00e9 d\u2019options de paiement s\u00e9curis\u00e9es<\/li><li>Programmes de fid\u00e9lisation et promotions amusantes<\/li><\/ul>\n            \t\t\t<\/div> <\/div>\n            \t<\/div>\n\t\t\t\t\n\t\t\t\t\n        \t<\/div>\t\t\t\t<\/div>\n\t\t\t\t<\/div>\n\t\t\t\t\t<\/div>\n\t\t<\/div>\n\t\t\t\t\t<\/div>\n\t\t<\/section>\n\t\t\t\t<section class=\"elementor-section elementor-top-section elementor-element elementor-element-818fb74 elementor-section-full_width elementor-section-height-default elementor-section-height-default\" data-id=\"818fb74\" data-element_type=\"section\" data-e-type=\"section\">\n\t\t\t\t\t\t<div class=\"elementor-container elementor-column-gap-default\">\n\t\t\t\t\t<div class=\"elementor-column elementor-col-100 elementor-top-column elementor-element elementor-element-d4d86cd\" data-id=\"d4d86cd\" data-element_type=\"column\" data-e-type=\"column\">\n\t\t\t<div class=\"elementor-widget-wrap elementor-element-populated\">\n\t\t\t\t\t\t<div class=\"elementor-element elementor-element-7f0b2ea elementor-widget elementor-widget-jk-cta\" data-id=\"7f0b2ea\" data-element_type=\"widget\" data-e-type=\"widget\" data-widget_type=\"jk-cta.default\">\n\t\t\t\t<div class=\"elementor-widget-container\">\n\t\t\t\t\t<div class=\"jkea_cta_wrapper\"><div class=\"jkea_cta\">\n\t\t<div class=\"jkea_cta_content\">\n\t\t\t<div class=\"jkea_title\">\n\t\t\t\t<h2>Rehaussez votre offre de nourriture sur place<\/h2>\n\t\t\t<\/div>\n\t\t\t<div class=\"jkea_text\">\n\t\t\t\t<p>Pour en savoir plus sur la fa\u00e7on dont les micromarch\u00e9s peuvent am\u00e9liorer l\u2019exp\u00e9rience alimentaire sur place pour vos invit\u00e9s, communiquez avec nous d\u00e8s aujourd\u2019hui.<\/p>\n\t\t\t<\/div><div class=\"link\">\n\t\t\t\t<a href=\"\/fr\/contactez-nous\/\" class=\"\">Contactez-nous<\/a>\n\t\t\t<\/div><\/div><\/div><div class=\"graphics\"><div class=\"image\" style=\"background-image:url(https:\/\/dana.dexterra.com\/wp-content\/uploads\/2023\/02\/shutterstock_253456999@2x-1.png)\"><\/div><div class=\"bars\"><div class=\"dots\"><\/div><div class=\"bluebar\"><\/div><div class=\"transparentbar\"><\/div><\/div><\/div>\t\t\t\t<\/div>\n\t\t\t\t<\/div>\n\t\t\t\t\t<\/div>\n\t\t<\/div>\n\t\t\t\t\t<\/div>\n\t\t<\/section>\n\t\t\t\t<\/div>\n\t\t","protected":false},"excerpt":{"rendered":"<p>Les micromarch\u00e9s apportent une grande valeur \u00e0 l\u2019exp\u00e9rience de votre caf\u00e9. Il s\u2019agit d\u2019un ajout novateur aux op\u00e9rations de services alimentaires existantes, ou d\u2019une alternative app\u00e9tissante aux services alimentaires complets sur place. <\/p>\n","protected":false},"author":1,"featured_media":2611,"parent":2083,"menu_order":3,"comment_status":"closed","ping_status":"closed","template":"","meta":{"_acf_changed":false,"footnotes":""},"class_list":["post-2102","page","type-page","status-publish","has-post-thumbnail","hentry"],"acf":[],"yoast_head":"<!-- This site is optimized with the Yoast SEO plugin v27.3 - https:\/\/yoast.com\/product\/yoast-seo-wordpress\/ -->\n<title>Service alimentaire de micromarch\u00e9 | Dana Hospitalit\u00e9<\/title>\n<meta name=\"description\" content=\"Apportez une grande valeur \u00e0 l\u2019exp\u00e9rience de votre caf\u00e9 gr\u00e2ce \u00e0 notre service alimentaire de micromarch\u00e9. En savoir plus.\" \/>\n<meta name=\"robots\" content=\"index, follow, max-snippet:-1, max-image-preview:large, max-video-preview:-1\" \/>\n<link rel=\"canonical\" href=\"https:\/\/dana.dexterra.com\/fr\/nos-services\/service-alimentaire-de-micromarche\/\" \/>\n<meta property=\"og:locale\" content=\"fr_CA\" \/>\n<meta property=\"og:type\" content=\"article\" \/>\n<meta property=\"og:title\" content=\"Service alimentaire de micromarch\u00e9 | Dana Hospitalit\u00e9\" \/>\n<meta property=\"og:description\" content=\"Apportez une grande valeur \u00e0 l\u2019exp\u00e9rience de votre caf\u00e9 gr\u00e2ce \u00e0 notre service alimentaire de micromarch\u00e9. En savoir plus.\" \/>\n<meta property=\"og:url\" content=\"https:\/\/dana.dexterra.com\/fr\/nos-services\/service-alimentaire-de-micromarche\/\" \/>\n<meta property=\"og:site_name\" content=\"Dana Hospitalit\u00e9\" \/>\n<meta property=\"article:modified_time\" content=\"2024-02-29T15:23:41+00:00\" \/>\n<meta property=\"og:image\" content=\"https:\/\/dana.dexterra.com\/wp-content\/uploads\/2023\/07\/AdobeStock_333895646@2x.jpg\" \/>\n\t<meta property=\"og:image:width\" content=\"598\" \/>\n\t<meta property=\"og:image:height\" content=\"934\" \/>\n\t<meta property=\"og:image:type\" content=\"image\/jpeg\" \/>\n<meta name=\"twitter:card\" content=\"summary_large_image\" \/>\n<meta name=\"twitter:label1\" content=\"Estimation du temps de lecture\" \/>\n\t<meta name=\"twitter:data1\" content=\"4 minutes\" \/>\n<script type=\"application\/ld+json\" class=\"yoast-schema-graph\">{\"@context\":\"https:\\\/\\\/schema.org\",\"@graph\":[{\"@type\":\"WebPage\",\"@id\":\"https:\\\/\\\/dana.dexterra.com\\\/fr\\\/nos-services\\\/service-alimentaire-de-micromarche\\\/\",\"url\":\"https:\\\/\\\/dana.dexterra.com\\\/fr\\\/nos-services\\\/service-alimentaire-de-micromarche\\\/\",\"name\":\"Service alimentaire de micromarch\u00e9 | Dana Hospitalit\u00e9\",\"isPartOf\":{\"@id\":\"https:\\\/\\\/dana.dexterra.com\\\/fr\\\/#website\"},\"primaryImageOfPage\":{\"@id\":\"https:\\\/\\\/dana.dexterra.com\\\/fr\\\/nos-services\\\/service-alimentaire-de-micromarche\\\/#primaryimage\"},\"image\":{\"@id\":\"https:\\\/\\\/dana.dexterra.com\\\/fr\\\/nos-services\\\/service-alimentaire-de-micromarche\\\/#primaryimage\"},\"thumbnailUrl\":\"https:\\\/\\\/dana.dexterra.com\\\/wp-content\\\/uploads\\\/2023\\\/07\\\/AdobeStock_333895646@2x.jpg\",\"datePublished\":\"2023-02-07T17:15:37+00:00\",\"dateModified\":\"2024-02-29T15:23:41+00:00\",\"description\":\"Apportez une grande valeur \u00e0 l\u2019exp\u00e9rience de votre caf\u00e9 gr\u00e2ce \u00e0 notre service alimentaire de micromarch\u00e9. En savoir plus.\",\"breadcrumb\":{\"@id\":\"https:\\\/\\\/dana.dexterra.com\\\/fr\\\/nos-services\\\/service-alimentaire-de-micromarche\\\/#breadcrumb\"},\"inLanguage\":\"fr-CA\",\"potentialAction\":[{\"@type\":\"ReadAction\",\"target\":[\"https:\\\/\\\/dana.dexterra.com\\\/fr\\\/nos-services\\\/service-alimentaire-de-micromarche\\\/\"]}]},{\"@type\":\"ImageObject\",\"inLanguage\":\"fr-CA\",\"@id\":\"https:\\\/\\\/dana.dexterra.com\\\/fr\\\/nos-services\\\/service-alimentaire-de-micromarche\\\/#primaryimage\",\"url\":\"https:\\\/\\\/dana.dexterra.com\\\/wp-content\\\/uploads\\\/2023\\\/07\\\/AdobeStock_333895646@2x.jpg\",\"contentUrl\":\"https:\\\/\\\/dana.dexterra.com\\\/wp-content\\\/uploads\\\/2023\\\/07\\\/AdobeStock_333895646@2x.jpg\",\"width\":598,\"height\":934,\"caption\":\"Fresh sandwiches in packaged individually in clamshell containers sit on a fridge shelf.\"},{\"@type\":\"BreadcrumbList\",\"@id\":\"https:\\\/\\\/dana.dexterra.com\\\/fr\\\/nos-services\\\/service-alimentaire-de-micromarche\\\/#breadcrumb\",\"itemListElement\":[{\"@type\":\"ListItem\",\"position\":1,\"name\":\"Home\",\"item\":\"https:\\\/\\\/dana.dexterra.com\\\/fr\\\/\"},{\"@type\":\"ListItem\",\"position\":2,\"name\":\"Nos services\",\"item\":\"https:\\\/\\\/dana.dexterra.com\\\/fr\\\/nos-services\\\/\"},{\"@type\":\"ListItem\",\"position\":3,\"name\":\"Micromarch\u00e9s\"}]},{\"@type\":\"WebSite\",\"@id\":\"https:\\\/\\\/dana.dexterra.com\\\/fr\\\/#website\",\"url\":\"https:\\\/\\\/dana.dexterra.com\\\/fr\\\/\",\"name\":\"Dana Hospitality\",\"description\":\"\",\"potentialAction\":[{\"@type\":\"SearchAction\",\"target\":{\"@type\":\"EntryPoint\",\"urlTemplate\":\"https:\\\/\\\/dana.dexterra.com\\\/fr\\\/?s={search_term_string}\"},\"query-input\":{\"@type\":\"PropertyValueSpecification\",\"valueRequired\":true,\"valueName\":\"search_term_string\"}}],\"inLanguage\":\"fr-CA\"}]}<\/script>\n<!-- \/ Yoast SEO plugin. -->","yoast_head_json":{"title":"Service alimentaire de micromarch\u00e9 | Dana Hospitalit\u00e9","description":"Apportez une grande valeur \u00e0 l\u2019exp\u00e9rience de votre caf\u00e9 gr\u00e2ce \u00e0 notre service alimentaire de micromarch\u00e9. En savoir plus.","robots":{"index":"index","follow":"follow","max-snippet":"max-snippet:-1","max-image-preview":"max-image-preview:large","max-video-preview":"max-video-preview:-1"},"canonical":"https:\/\/dana.dexterra.com\/fr\/nos-services\/service-alimentaire-de-micromarche\/","og_locale":"fr_CA","og_type":"article","og_title":"Service alimentaire de micromarch\u00e9 | Dana Hospitalit\u00e9","og_description":"Apportez une grande valeur \u00e0 l\u2019exp\u00e9rience de votre caf\u00e9 gr\u00e2ce \u00e0 notre service alimentaire de micromarch\u00e9. En savoir plus.","og_url":"https:\/\/dana.dexterra.com\/fr\/nos-services\/service-alimentaire-de-micromarche\/","og_site_name":"Dana Hospitalit\u00e9","article_modified_time":"2024-02-29T15:23:41+00:00","og_image":[{"width":598,"height":934,"url":"https:\/\/dana.dexterra.com\/wp-content\/uploads\/2023\/07\/AdobeStock_333895646@2x.jpg","type":"image\/jpeg"}],"twitter_card":"summary_large_image","twitter_misc":{"Estimation du temps de lecture":"4 minutes"},"schema":{"@context":"https:\/\/schema.org","@graph":[{"@type":"WebPage","@id":"https:\/\/dana.dexterra.com\/fr\/nos-services\/service-alimentaire-de-micromarche\/","url":"https:\/\/dana.dexterra.com\/fr\/nos-services\/service-alimentaire-de-micromarche\/","name":"Service alimentaire de micromarch\u00e9 | Dana Hospitalit\u00e9","isPartOf":{"@id":"https:\/\/dana.dexterra.com\/fr\/#website"},"primaryImageOfPage":{"@id":"https:\/\/dana.dexterra.com\/fr\/nos-services\/service-alimentaire-de-micromarche\/#primaryimage"},"image":{"@id":"https:\/\/dana.dexterra.com\/fr\/nos-services\/service-alimentaire-de-micromarche\/#primaryimage"},"thumbnailUrl":"https:\/\/dana.dexterra.com\/wp-content\/uploads\/2023\/07\/AdobeStock_333895646@2x.jpg","datePublished":"2023-02-07T17:15:37+00:00","dateModified":"2024-02-29T15:23:41+00:00","description":"Apportez une grande valeur \u00e0 l\u2019exp\u00e9rience de votre caf\u00e9 gr\u00e2ce \u00e0 notre service alimentaire de micromarch\u00e9. En savoir plus.","breadcrumb":{"@id":"https:\/\/dana.dexterra.com\/fr\/nos-services\/service-alimentaire-de-micromarche\/#breadcrumb"},"inLanguage":"fr-CA","potentialAction":[{"@type":"ReadAction","target":["https:\/\/dana.dexterra.com\/fr\/nos-services\/service-alimentaire-de-micromarche\/"]}]},{"@type":"ImageObject","inLanguage":"fr-CA","@id":"https:\/\/dana.dexterra.com\/fr\/nos-services\/service-alimentaire-de-micromarche\/#primaryimage","url":"https:\/\/dana.dexterra.com\/wp-content\/uploads\/2023\/07\/AdobeStock_333895646@2x.jpg","contentUrl":"https:\/\/dana.dexterra.com\/wp-content\/uploads\/2023\/07\/AdobeStock_333895646@2x.jpg","width":598,"height":934,"caption":"Fresh sandwiches in packaged individually in clamshell containers sit on a fridge shelf."},{"@type":"BreadcrumbList","@id":"https:\/\/dana.dexterra.com\/fr\/nos-services\/service-alimentaire-de-micromarche\/#breadcrumb","itemListElement":[{"@type":"ListItem","position":1,"name":"Home","item":"https:\/\/dana.dexterra.com\/fr\/"},{"@type":"ListItem","position":2,"name":"Nos services","item":"https:\/\/dana.dexterra.com\/fr\/nos-services\/"},{"@type":"ListItem","position":3,"name":"Micromarch\u00e9s"}]},{"@type":"WebSite","@id":"https:\/\/dana.dexterra.com\/fr\/#website","url":"https:\/\/dana.dexterra.com\/fr\/","name":"Dana Hospitality","description":"","potentialAction":[{"@type":"SearchAction","target":{"@type":"EntryPoint","urlTemplate":"https:\/\/dana.dexterra.com\/fr\/?s={search_term_string}"},"query-input":{"@type":"PropertyValueSpecification","valueRequired":true,"valueName":"search_term_string"}}],"inLanguage":"fr-CA"}]}},"_links":{"self":[{"href":"https:\/\/dana.dexterra.com\/fr\/wp-json\/wp\/v2\/pages\/2102","targetHints":{"allow":["GET"]}}],"collection":[{"href":"https:\/\/dana.dexterra.com\/fr\/wp-json\/wp\/v2\/pages"}],"about":[{"href":"https:\/\/dana.dexterra.com\/fr\/wp-json\/wp\/v2\/types\/page"}],"author":[{"embeddable":true,"href":"https:\/\/dana.dexterra.com\/fr\/wp-json\/wp\/v2\/users\/1"}],"replies":[{"embeddable":true,"href":"https:\/\/dana.dexterra.com\/fr\/wp-json\/wp\/v2\/comments?post=2102"}],"version-history":[{"count":0,"href":"https:\/\/dana.dexterra.com\/fr\/wp-json\/wp\/v2\/pages\/2102\/revisions"}],"up":[{"embeddable":true,"href":"https:\/\/dana.dexterra.com\/fr\/wp-json\/wp\/v2\/pages\/2083"}],"wp:featuredmedia":[{"embeddable":true,"href":"https:\/\/dana.dexterra.com\/fr\/wp-json\/wp\/v2\/media\/2611"}],"wp:attachment":[{"href":"https:\/\/dana.dexterra.com\/fr\/wp-json\/wp\/v2\/media?parent=2102"}],"curies":[{"name":"wp","href":"https:\/\/api.w.org\/{rel}","templated":true}]}}